{"id":629,"date":"2022-06-10T19:30:38","date_gmt":"2022-06-10T19:30:38","guid":{"rendered":"https:\/\/demo.themedraft.net\/wp\/doctio\/?page_id=629"},"modified":"2025-05-21T12:40:44","modified_gmt":"2025-05-21T09:40:44","slug":"iletisim","status":"publish","type":"page","link":"https:\/\/demirlojistik.com.tr\/index.php\/iletisim\/","title":{"rendered":"\u0130leti\u015fim"},"content":{"rendered":"\t\t<div data-elementor-type=\"wp-page\" data-elementor-id=\"629\" class=\"elementor elementor-629\">\n\t\t\t\t\t\t<section class=\"elementor-section elementor-top-section elementor-element elementor-element-30b75775 elementor-section-full_width elementor-section-stretched elementor-section-height-default elementor-section-height-default\" data-id=\"30b75775\" data-element_type=\"section\" data-settings=\"{&quot;stretch_section&quot;:&quot;section-stretched&quot;}\">\n\t\t\t\t\t\t<div class=\"elementor-container elementor-column-gap-default\">\n\t\t\t\t\t<div class=\"elementor-column elementor-col-100 elementor-top-column elementor-element elementor-element-2d909e12\" data-id=\"2d909e12\" data-element_type=\"column\">\n\t\t\t<div class=\"elementor-widget-wrap elementor-element-populated\">\n\t\t\t\t\t\t<div class=\"elementor-element elementor-element-50599d5b elementor-widget elementor-widget-themedraft_section_title\" data-id=\"50599d5b\" data-element_type=\"widget\" data-widget_type=\"themedraft_section_title.default\">\n\t\t\t\t<div class=\"elementor-widget-container\">\n\t\t\t\t\t\n\t\t<div class=\"td-section-title-wrapper\">\n            <div class=\"td-section-title-content td-secondary-font\">\n                                    <div class=\"td-section-title-bg-text \">\n                        Bize Ula\u015f\u0131n                    <\/div>\n                \n                                    <div class=\"td-section-subtitle td-primary-color\">\n                        Bize Ula\u015f\u0131n                    <\/div>\n                \n                                    <div class=\"td-section-title\">\n                        <h4>Sizin \u0130\u00e7in Buraday\u0131z!<\/h4>                    <\/div>\n                                        <div class=\"title-bottom-line\" style=\"background-image: url(https:\/\/demo.themedraft.net\/wp\/doctio\/wp-content\/uploads\/2022\/06\/line.png)\"><\/div>\n                                                <\/div>\n\t\t<\/div>\n\t\t\t\t\t\t<\/div>\n\t\t\t\t<\/div>\n\t\t\t\t<div class=\"elementor-element elementor-element-122b0723 elementor-widget elementor-widget-themedraft_contact_details_box\" data-id=\"122b0723\" data-element_type=\"widget\" data-widget_type=\"themedraft_contact_details_box.default\">\n\t\t\t\t<div class=\"elementor-widget-container\">\n\t\t\t\t\t\n\t\t<div class=\"contact-details container\">\n            <div class=\"row\">\n                                        <div class=\"col-xl-4 col-lg-6 col-md-6\">\n                            <div class=\"td-contact-details-box td-transition\">\n                                <div class=\"td-contact-details-box-icon  td-transition td-primary-color\">\n                                    \n                                        <i aria-hidden=\"true\" class=\"flaticon-telephone-1\"><\/i>\n                                                                    <\/div>\n                                <h4 class=\"td-contact-box-title td-transition\">Telefon<\/h4>\n\n                                <ul>\n \t<li><a href=\"tel:+90541 208 1909\">+905412081909<\/a><\/li>\n\n<li><a href=\"tel:++90324 237 0633\">+90324 237 0633<\/a><\/li>\n<\/ul>                            <\/div>\n                        <\/div>\n                                            <div class=\"col-xl-4 col-lg-6 col-md-6\">\n                            <div class=\"td-contact-details-box td-transition\">\n                                <div class=\"td-contact-details-box-icon  td-transition td-primary-color\">\n                                    \n                                        <i aria-hidden=\"true\" class=\"td-icon flaticon-maps-and-flags\"><\/i>\n                                                                    <\/div>\n                                <h4 class=\"td-contact-box-title td-transition\">Adres<\/h4>\n\n                                Cami\u015ferif Mh. 5248 Sk. JBY Plasa Kat:2\/11 Akdeniz Mersin                            <\/div>\n                        <\/div>\n                                            <div class=\"col-xl-4 col-lg-6 col-md-6\">\n                            <div class=\"td-contact-details-box td-transition\">\n                                <div class=\"td-contact-details-box-icon  td-transition td-primary-color\">\n                                    \n                                        <i aria-hidden=\"true\" class=\"td-icon flaticon-mail-inbox-app\"><\/i>\n                                                                    <\/div>\n                                <h4 class=\"td-contact-box-title td-transition\">Email:<\/h4>\n\n                                <ul>\n \t<li><a href=\"mailto:info@demirlojistik.com.tr\">info@demirlojistik.com.tr<\/a><\/li>\n \t\n<\/ul>                            <\/div>\n                        <\/div>\n                                <\/div>\n\t\t<\/div>\n\n\t\t\t\t\t\t<\/div>\n\t\t\t\t<\/div>\n\t\t\t\t\t<\/div>\n\t\t<\/div>\n\t\t\t\t\t<\/div>\n\t\t<\/section>\n\t\t<div class=\"elementor-element elementor-element-c54cb6c e-flex e-con-boxed e-con e-parent\" data-id=\"c54cb6c\" data-element_type=\"container\">\n\t\t\t\t\t<div class=\"e-con-inner\">\n\t\t\t\t<div class=\"elementor-element elementor-element-7c69255 elementor-widget elementor-widget-text-editor\" data-id=\"7c69255\" data-element_type=\"widget\" data-widget_type=\"text-editor.default\">\n\t\t\t\t<div class=\"elementor-widget-container\">\n\t\t\t\t\t\t\t\t\t<iframe src=\"https:\/\/www.google.com\/maps\/embed?pb=!1m18!1m12!1m3!1d244.40290851291843!2d34.63052284580669!3d36.80247298226715!2m3!1f0!2f0!3f0!3m2!1i1024!2i768!4f13.1!3m3!1m2!1s0x1527f3a89b820bcb%3A0x2923ef33459b2742!2sCami%20%C5%9Eerif%2C%205227.%20Sk.%20No%3A13%2C%2033060%20Akdeniz%2FMersin!5e0!3m2!1str!2str!4v1747820980455!5m2!1str!2str\" width=\"600\" height=\"450\" style=\"border:0;\" allowfullscreen=\"\" loading=\"lazy\" referrerpolicy=\"no-referrer-when-downgrade\"><\/iframe>\t\t\t\t\t\t\t\t<\/div>\n\t\t\t\t<\/div>\n\t\t\t\t\t<\/div>\n\t\t\t\t<\/div>\n\t\t\t\t<\/div>\n\t\t","protected":false},"excerpt":{"rendered":"<p>Bize Ula\u015f\u0131n Bize Ula\u015f\u0131n Sizin \u0130\u00e7in Buraday\u0131z! Telefon +905412081909 +90324 237 0633 Adres Cami\u015ferif Mh. 5248 Sk. JBY Plasa Kat:2\/11 Akdeniz Mersin Email: info@demirlojistik.com.tr<\/p>\n","protected":false},"author":1,"featured_media":0,"parent":0,"menu_order":0,"comment_status":"closed","ping_status":"closed","template":"","meta":{"footnotes":""},"class_list":["post-629","page","type-page","status-publish","hentry"],"_links":{"self":[{"href":"https:\/\/demirlojistik.com.tr\/index.php\/wp-json\/wp\/v2\/pages\/629","targetHints":{"allow":["GET"]}}],"collection":[{"href":"https:\/\/demirlojistik.com.tr\/index.php\/wp-json\/wp\/v2\/pages"}],"about":[{"href":"https:\/\/demirlojistik.com.tr\/index.php\/wp-json\/wp\/v2\/types\/page"}],"author":[{"embeddable":true,"href":"https:\/\/demirlojistik.com.tr\/index.php\/wp-json\/wp\/v2\/users\/1"}],"replies":[{"embeddable":true,"href":"https:\/\/demirlojistik.com.tr\/index.php\/wp-json\/wp\/v2\/comments?post=629"}],"version-history":[{"count":5,"href":"https:\/\/demirlojistik.com.tr\/index.php\/wp-json\/wp\/v2\/pages\/629\/revisions"}],"predecessor-version":[{"id":1161,"href":"https:\/\/demirlojistik.com.tr\/index.php\/wp-json\/wp\/v2\/pages\/629\/revisions\/1161"}],"wp:attachment":[{"href":"https:\/\/demirlojistik.com.tr\/index.php\/wp-json\/wp\/v2\/media?parent=629"}],"curies":[{"name":"wp","href":"https:\/\/api.w.org\/{rel}","templated":true}]}}