{"id":608,"date":"2022-06-10T19:22:20","date_gmt":"2022-06-10T19:22:20","guid":{"rendered":"https:\/\/demo.themedraft.net\/wp\/doctio\/?page_id=608"},"modified":"2025-05-28T11:24:58","modified_gmt":"2025-05-28T08:24:58","slug":"about-us","status":"publish","type":"page","link":"https:\/\/demirlojistik.com.tr\/index.php\/about-us\/","title":{"rendered":"Hakk\u0131m\u0131zda"},"content":{"rendered":"\t\t<div data-elementor-type=\"wp-page\" data-elementor-id=\"608\" class=\"elementor elementor-608\">\n\t\t\t\t\t\t<section class=\"elementor-section elementor-top-section elementor-element elementor-element-433d3c3b elementor-section-stretched elementor-section-boxed elementor-section-height-default elementor-section-height-default\" data-id=\"433d3c3b\" data-element_type=\"section\" data-settings=\"{&quot;stretch_section&quot;:&quot;section-stretched&quot;}\">\n\t\t\t\t\t\t<div class=\"elementor-container elementor-column-gap-default\">\n\t\t\t\t\t<div class=\"elementor-column elementor-col-50 elementor-top-column elementor-element elementor-element-2ec804cd\" data-id=\"2ec804cd\" data-element_type=\"column\">\n\t\t\t<div class=\"elementor-widget-wrap elementor-element-populated\">\n\t\t\t\t\t\t<div class=\"elementor-element elementor-element-7f8a77d3 elementor-widget elementor-widget-themedraft_section_title\" data-id=\"7f8a77d3\" data-element_type=\"widget\" data-widget_type=\"themedraft_section_title.default\">\n\t\t\t\t<div class=\"elementor-widget-container\">\n\t\t\t\t\t\n\t\t<div class=\"td-section-title-wrapper\">\n            <div class=\"td-section-title-content td-secondary-font\">\n                                    <div class=\"td-section-title-bg-text left\">\n                        Hakk\u0131m\u0131zda                    <\/div>\n                \n                                    <div class=\"td-section-subtitle td-primary-color\">\n                        Demir T\u0131r Lojistik                    <\/div>\n                \n                                    <div class=\"td-section-title\">\n                        <h3>G\u00fcven ve Tecr\u00fcbeyle Yola \u00c7\u0131kan Lojistik Partneriniz<\/h3>                    <\/div>\n                                        <div class=\"title-bottom-line\" style=\"background-image: url(https:\/\/demo.themedraft.net\/wp\/doctio\/wp-content\/uploads\/2022\/06\/line-1.png)\"><\/div>\n                                                <\/div>\n\t\t<\/div>\n\t\t\t\t\t\t<\/div>\n\t\t\t\t<\/div>\n\t\t\t\t<div class=\"elementor-element elementor-element-6b2eb3ed elementor-widget elementor-widget-themedraft_text\" data-id=\"6b2eb3ed\" data-element_type=\"widget\" data-widget_type=\"themedraft_text.default\">\n\t\t\t\t<div class=\"elementor-widget-container\">\n\t\t\t\t\t\n\t\t<div class=\"td-text-wrapper\">\n\t\t\t<p>Demir T\u0131r Lojistik Uluslararas\u0131 Nakliye, toplam 32 adet \u00f6zmal t\u0131r , kiral\u0131k ara\u00e7 filosu, ekipmanlar\u0131 ve uzman kadrosuyla uzun y\u0131llard\u0131r yurti\u00e7i ve yurtd\u0131\u015f\u0131 karayolu ta\u015f\u0131mac\u0131l\u0131\u011f\u0131nda (tente, silobaz ve 20\u2019lik-40\u2019l\u0131k konteyner) hizmet vermektedir.<\/p><p>Demir T\u0131r Lojistik deneyimi ve g\u00fcvencesi di\u011fer hizmetlerde oldu\u011fu gibi, uluslararas\u0131 karayolu ta\u015f\u0131mac\u0131l\u0131\u011f\u0131nda da \u00f6n plandad\u0131r.<br \/>Firmam\u0131z T\u00fcrkiye\u2019den ihracat yada Avrupadan 3. \u00dclke olarak Kazakistan\u2019a , \u00d6zbekistan\u2019a yap\u0131lacak olan ta\u015f\u0131malar i\u00e7in en iyi hizmeti sa\u011flamaktad\u0131r.<\/p><p>Demir T\u0131r Lojistik; t\u00fcm d\u00fcnyada uluslararas\u0131 ta\u015f\u0131mac\u0131l\u0131kta uygun \u00e7\u00f6z\u00fcmler arayan t\u00fcm m\u00fc\u015fterilere sunulan avantajl\u0131 bir \u00e7\u00f6z\u00fcm\u00a0\u00f6nerisidir.<\/p>\n            \t\t<\/div>\n\n\t\t\t\t\t\t<\/div>\n\t\t\t\t<\/div>\n\t\t\t\t<div class=\"elementor-element elementor-element-4c42bbcf elementor-widget elementor-widget-themedraft_promo_box\" data-id=\"4c42bbcf\" data-element_type=\"widget\" data-widget_type=\"themedraft_promo_box.default\">\n\t\t\t\t<div class=\"elementor-widget-container\">\n\t\t\t\t\t\n\t\t<div class=\"td-promo-box-wrapper td-icon-left\">\n\t\t\t<div class=\"row\">\n\t\t\t\t\t\t\t\t\t\t<div class=\"col-xl-12 col-lg-6 col-md-6\">\n\t\t\t\t\t\t\t<div class=\"td-single-promo-box\">\n\t\t\t\t\t\t\t\t<div class=\"td-promo-icon td-primary-color\">\n\t\t\t\t\t\t\t\t\t<i aria-hidden=\"true\" class=\"td-icon flaticon-wreath\"><\/i>\t\t\t\t\t\t\t\t<\/div>\n\n                                <h4 class=\"td-promo-title\">Misyonumuz<\/h4>\n\n                                <div class=\"td-promo-desc td-last-p-0\">\n\t                                <p>K\u00fcresel ticaretin dinamik ihtiya\u00e7lar\u0131na cevap vererek, m\u00fc\u015fterilerimizin tedarik zincirlerinde <strong>kesintisiz ve verimli bir ak\u0131\u015f<\/strong> sa\u011flamak. Her bir g\u00f6nderiyi, en y\u00fcksek g\u00fcvenlik ve kalite standartlar\u0131nda, zaman\u0131nda ve ekonomik ko\u015fullarla var\u0131\u015f noktas\u0131na ula\u015ft\u0131rmak.<\/p>                                <\/div>\n\t\t\t\t\t\t\t<\/div>\n\t\t\t\t\t\t<\/div>\n\t\t\t\t\t\t\t\t\t\t<div class=\"col-xl-12 col-lg-6 col-md-6\">\n\t\t\t\t\t\t\t<div class=\"td-single-promo-box\">\n\t\t\t\t\t\t\t\t<div class=\"td-promo-icon td-primary-color\">\n\t\t\t\t\t\t\t\t\t<i aria-hidden=\"true\" class=\"td-icon flaticon-award\"><\/i>\t\t\t\t\t\t\t\t<\/div>\n\n                                <h4 class=\"td-promo-title\">Vizyonumuz<\/h4>\n\n                                <div class=\"td-promo-desc td-last-p-0\">\n\t                                <p>Lojistik sekt\u00f6r\u00fcnde <strong>yenilik\u00e7i \u00e7\u00f6z\u00fcmler<\/strong> sunan, teknolojik geli\u015fmeleri yak\u0131ndan takip eden ve \u00e7evresel s\u00fcrd\u00fcr\u00fclebilirli\u011fe \u00f6nem veren lider bir marka olmak. M\u00fc\u015fterilerimizin k\u00fcresel rekabet g\u00fcc\u00fcn\u00fc art\u0131ran stratejik bir i\u015f orta\u011f\u0131 konumuna gelmek.<\/p>                                <\/div>\n\t\t\t\t\t\t\t<\/div>\n\t\t\t\t\t\t<\/div>\n\t\t\t\t\t\t\t<\/div>\n\t\t<\/div>\n\n\t\t\t\t\t\t<\/div>\n\t\t\t\t<\/div>\n\t\t\t\t<div class=\"elementor-element elementor-element-4a0a8e27 elementor-widget elementor-widget-themedraft_button_widget\" data-id=\"4a0a8e27\" data-element_type=\"widget\" data-widget_type=\"themedraft_button_widget.default\">\n\t\t\t\t<div class=\"elementor-widget-container\">\n\t\t\t\t\t\n\t\t<div class=\"themedraft-button-wrapper td-button-el-widget\">\n\t\t\t<a href=\"https:\/\/demirlojistik.com.tr\/iletisim\" class=\"themedraft-button td-button themedraft-button-one\" >Bize Ula\u015f\u0131n                <i class=\"fas fa-plus\"><\/i>\n            <\/a>\n\n\t\t\t\n                \n                <a class=\"td-call-button\" href=\"tel:0541%20403%208004\">\n                    <i class=\"flaticon-phone-call\"><\/i>\n                    <span class=\"td-call-button-text\">+90 541 403 8004<\/span>\n                <\/a>\n                \t\t\t\t\t<\/div>\n\t\t\t\t\t\t<\/div>\n\t\t\t\t<\/div>\n\t\t\t\t\t<\/div>\n\t\t<\/div>\n\t\t\t\t<div class=\"elementor-column elementor-col-50 elementor-top-column elementor-element elementor-element-5ceb424b\" data-id=\"5ceb424b\" data-element_type=\"column\">\n\t\t\t<div class=\"elementor-widget-wrap elementor-element-populated\">\n\t\t\t\t\t\t<div class=\"elementor-element elementor-element-57bbf0af elementor-widget elementor-widget-themedraft_image_with_caption\" data-id=\"57bbf0af\" data-element_type=\"widget\" data-widget_type=\"themedraft_image_with_caption.default\">\n\t\t\t\t<div class=\"elementor-widget-container\">\n\t\t\t\t\t\n\t\t<div class=\"td-img-caption-wrapper td-secondary-font\">\n            <div class=\"td-caption-images\">\n                <div class=\"td-caption-img-one td-cover-bg\" style=\"background-image: url(https:\/\/demirlojistik.com.tr\/wp-content\/uploads\/2025\/05\/sld2x.jpg)\"><\/div>\n                <div class=\"td-caption-img-two td-cover-bg\" style=\"background-image: url(https:\/\/demirlojistik.com.tr\/wp-content\/uploads\/2025\/05\/WhatsApp-Gorsel-2025-04-07-saat-13.34.47_ec17e866-scaled.jpg)\"><\/div>\n\n                <div class=\"td-img-caption\">\n                    <span>25<\/span> Y\u0131ll\u0131k Lojistik Partneriniz                <\/div>\n            <\/div>\n\t\t<\/div>\n\n\t\t\t\t\t\t<\/div>\n\t\t\t\t<\/div>\n\t\t\t\t\t<\/div>\n\t\t<\/div>\n\t\t\t\t\t<\/div>\n\t\t<\/section>\n\t\t\t\t<\/div>\n\t\t","protected":false},"excerpt":{"rendered":"<p>Hakk\u0131m\u0131zda Demir T\u0131r Lojistik G\u00fcven ve Tecr\u00fcbeyle Yola \u00c7\u0131kan Lojistik Partneriniz Demir T\u0131r Lojistik Uluslararas\u0131 Nakliye, toplam 32 adet \u00f6zmal t\u0131r , kiral\u0131k ara\u00e7 filosu, ekipmanlar\u0131 ve uzman kadrosuyla uzun y\u0131llard\u0131r yurti\u00e7i ve yurtd\u0131\u015f\u0131 karayolu ta\u015f\u0131mac\u0131l\u0131\u011f\u0131nda (tente, silobaz ve 20\u2019lik-40\u2019l\u0131k konteyner) hizmet vermektedir. Demir T\u0131r Lojistik deneyimi ve g\u00fcvencesi di\u011fer hizmetlerde oldu\u011fu gibi, uluslararas\u0131 karayolu [&hellip;]<\/p>\n","protected":false},"author":1,"featured_media":0,"parent":0,"menu_order":0,"comment_status":"closed","ping_status":"closed","template":"","meta":{"footnotes":""},"class_list":["post-608","page","type-page","status-publish","hentry"],"_links":{"self":[{"href":"https:\/\/demirlojistik.com.tr\/index.php\/wp-json\/wp\/v2\/pages\/608","targetHints":{"allow":["GET"]}}],"collection":[{"href":"https:\/\/demirlojistik.com.tr\/index.php\/wp-json\/wp\/v2\/pages"}],"about":[{"href":"https:\/\/demirlojistik.com.tr\/index.php\/wp-json\/wp\/v2\/types\/page"}],"author":[{"embeddable":true,"href":"https:\/\/demirlojistik.com.tr\/index.php\/wp-json\/wp\/v2\/users\/1"}],"replies":[{"embeddable":true,"href":"https:\/\/demirlojistik.com.tr\/index.php\/wp-json\/wp\/v2\/comments?post=608"}],"version-history":[{"count":12,"href":"https:\/\/demirlojistik.com.tr\/index.php\/wp-json\/wp\/v2\/pages\/608\/revisions"}],"predecessor-version":[{"id":1229,"href":"https:\/\/demirlojistik.com.tr\/index.php\/wp-json\/wp\/v2\/pages\/608\/revisions\/1229"}],"wp:attachment":[{"href":"https:\/\/demirlojistik.com.tr\/index.php\/wp-json\/wp\/v2\/media?parent=608"}],"curies":[{"name":"wp","href":"https:\/\/api.w.org\/{rel}","templated":true}]}}