{"id":602,"date":"2022-06-10T19:21:33","date_gmt":"2022-06-10T19:21:33","guid":{"rendered":"https:\/\/demo.themedraft.net\/wp\/doctio\/?page_id=602"},"modified":"2025-05-28T11:24:00","modified_gmt":"2025-05-28T08:24:00","slug":"home-one","status":"publish","type":"page","link":"https:\/\/demirlojistik.com.tr\/","title":{"rendered":"Home One"},"content":{"rendered":"\t\t<div data-elementor-type=\"wp-page\" data-elementor-id=\"602\" class=\"elementor elementor-602\">\n\t\t\t\t\t\t<section class=\"elementor-section elementor-top-section elementor-element elementor-element-23fb47a3 elementor-section-full_width elementor-section-stretched elementor-section-height-default elementor-section-height-default\" data-id=\"23fb47a3\" data-element_type=\"section\" data-settings=\"{&quot;stretch_section&quot;:&quot;section-stretched&quot;}\">\n\t\t\t\t\t\t<div class=\"elementor-container elementor-column-gap-no\">\n\t\t\t\t\t<div class=\"elementor-column elementor-col-100 elementor-top-column elementor-element elementor-element-34a99f29\" data-id=\"34a99f29\" data-element_type=\"column\">\n\t\t\t<div class=\"elementor-widget-wrap elementor-element-populated\">\n\t\t\t\t\t\t<div class=\"elementor-element elementor-element-5e98d900 elementor-widget elementor-widget-themedraft_home_slider_one\" data-id=\"5e98d900\" data-element_type=\"widget\" data-widget_type=\"themedraft_home_slider_one.default\">\n\t\t\t\t<div class=\"elementor-widget-container\">\n\t\t\t\t\t        <div class=\"td-home-slider-area\">\n            <div id=\"td-home-slider-119\" class=\"td-home-slider-wrapper\">\n\n\t\t\t\t\n                        <div class=\"td-single-slide-item td-cover-bg\" style=\"background-image: url(https:\/\/demirlojistik.com.tr\/wp-content\/uploads\/2025\/05\/slider3x.jpg)\">\n                            <div class=\"td-table\">\n                                <div class=\"td-table-cell\">\n                                    <div class=\"container\">\n                                        <div class=\"row\">\n                                            <div class=\"td-slider-content-column col-xl-6 col-lg-8 col-md-11\">\n                                                <div class=\"td-slider-content-wrapper\">\n                                                    <div class=\"td-slider-content\">\n                                                        \n                                                        <div class=\"slide-subtitle\" data-animation=\"fadeInUp\" data-delay=\".5s\">\n                                                                                                                    <\/div>\n\n                                                        <div class=\"td-slide-title\" data-animation=\"fadeInUp\" data-delay=\".9s\">\n\t\t\t\t\t\t\t\t\t\t\t\t\t\t\t                                                        <\/div>\n                                                        <div class=\"td-slider-content-text\" data-animation=\"fadeInUp\"  data-delay=\"1.75s\">\n\t\t\t\t\t\t\t\t\t\t\t\t\t\t\t                                                        <\/div>\n\n\n                                                        <div class=\"slider-button-wrapper\">\n\n\t\t\t\t\t\t\t\t\t\t\t\t\t\t\t\n                                                            \n\n                                                        <\/div>\n                                                    <\/div>\n                                                <\/div>\n                                            <\/div>\n                                        <\/div>\n                                    <\/div>\n                                <\/div>\n                            <\/div>\n\n                                                    <\/div>\n\t\t\t\t\t\t            <\/div>\n        <\/div>\n\n\n\t\t\t\t\t\t\t\t<\/div>\n\t\t\t\t<\/div>\n\t\t\t\t\t<\/div>\n\t\t<\/div>\n\t\t\t\t\t<\/div>\n\t\t<\/section>\n\t\t\t\t<section class=\"elementor-section elementor-top-section elementor-element elementor-element-2ce77641 elementor-section-full_width elementor-section-stretched elementor-section-height-default elementor-section-height-default\" data-id=\"2ce77641\" data-element_type=\"section\" data-settings=\"{&quot;stretch_section&quot;:&quot;section-stretched&quot;}\">\n\t\t\t\t\t\t<div class=\"elementor-container elementor-column-gap-default\">\n\t\t\t\t\t<div class=\"elementor-column elementor-col-100 elementor-top-column elementor-element elementor-element-185b0457\" data-id=\"185b0457\" data-element_type=\"column\">\n\t\t\t<div class=\"elementor-widget-wrap elementor-element-populated\">\n\t\t\t\t\t\t<div class=\"elementor-element elementor-element-1c4d2813 elementor-widget elementor-widget-themedraft_section_title\" data-id=\"1c4d2813\" data-element_type=\"widget\" data-widget_type=\"themedraft_section_title.default\">\n\t\t\t\t<div class=\"elementor-widget-container\">\n\t\t\t\t\t\n\t\t<div class=\"td-section-title-wrapper\">\n            <div class=\"td-section-title-content td-secondary-font\">\n                                    <div class=\"td-section-title-bg-text \">\n                        Hizmetlerimiz                    <\/div>\n                \n                                    <div class=\"td-section-subtitle td-primary-color\">\n                        Demir T\u0131r Lojistik                    <\/div>\n                \n                                    <div class=\"td-section-title\">\n                        <h2>Hizmetlerimiz<\/h2>                    <\/div>\n                                        <div class=\"title-bottom-line\" style=\"background-image: url(https:\/\/demo.themedraft.net\/wp\/doctio\/wp-content\/uploads\/2022\/06\/line-1.png)\"><\/div>\n                                                <\/div>\n\t\t<\/div>\n\t\t\t\t\t\t<\/div>\n\t\t\t\t<\/div>\n\t\t\t\t<div class=\"elementor-element elementor-element-27e41577 elementor-widget elementor-widget-themedraft_service_box_one\" data-id=\"27e41577\" data-element_type=\"widget\" data-widget_type=\"themedraft_service_box_one.default\">\n\t\t\t\t<div class=\"elementor-widget-container\">\n\t\t\t\t\t\n\t\t<div class=\"td-service-one-item-wrapper\">\n\t\t\t<div class=\"container\">\n\t\t\t\t<div class=\"row\">\n\t\t\t\t\t\n\t\t\t\t\t\t\t<div class=\"col-xl-4 col-lg-6 col-md-6\">\n\t\t\t\t\t\t\t\t<div class=\"td-service-one-item\">\n\t\t\t\t\t\t\t\t\t<a class=\"td-service-one-image td-cover-bg\" href=\"https:\/\/demirlojistik.com.tr\/index.php\/service\/mersin-karayollari-tasima\/\" style=\"background-image: url(https:\/\/demirlojistik.com.tr\/wp-content\/uploads\/2025\/05\/slider1.jpg)\" ><\/a>\n\n\t\t\t\t\t\t\t\t\t<div class=\"service-one-content\">\n\t\t\t\t\t\t\t\t\t\t<a href=\"https:\/\/demirlojistik.com.tr\/index.php\/service\/mersin-karayollari-tasima\/\"  class=\"service-one-title\">Karayolu Ta\u015f\u0131mac\u0131l\u0131\u011f\u0131<\/a>\n\t\t\t\t\t\t\t\t\t\t<div class=\"service-one-description\">\n\t\t\t\t\t\t\t\t\t\t\t\t\t\t\t\t\t\t\t\t\t<\/div>\n\t\t\t\t\t\t\t\t\t\t<div class=\"service-one-details-button\">\n\t\t\t\t\t\t\t\t\t\t\t<a class=\"td-text-button\" href=\"https:\/\/demirlojistik.com.tr\/index.php\/service\/mersin-karayollari-tasima\/\" >\u0130ncele <i class=\"fas fa-angle-double-right\"><\/i><\/a>\n\t\t\t\t\t\t\t\t\t\t<\/div>\n\t\t\t\t\t\t\t\t\t<\/div>\n\t\t\t\t\t\t\t\t<\/div>\n\t\t\t\t\t\t\t<\/div>\n\t\t\t\t\t\t\n\t\t\t\t\t\t\t<div class=\"col-xl-4 col-lg-6 col-md-6\">\n\t\t\t\t\t\t\t\t<div class=\"td-service-one-item\">\n\t\t\t\t\t\t\t\t\t<a class=\"td-service-one-image td-cover-bg\" href=\"https:\/\/demirlojistik.com.tr\/index.php\/service\/konteyner-tasimaciligi\/\" style=\"background-image: url(https:\/\/demirlojistik.com.tr\/wp-content\/uploads\/2025\/05\/proje3.jpg)\" ><\/a>\n\n\t\t\t\t\t\t\t\t\t<div class=\"service-one-content\">\n\t\t\t\t\t\t\t\t\t\t<a href=\"https:\/\/demirlojistik.com.tr\/index.php\/service\/konteyner-tasimaciligi\/\"  class=\"service-one-title\">Konteyner Ta\u015f\u0131mac\u0131l\u0131\u011f\u0131<\/a>\n\t\t\t\t\t\t\t\t\t\t<div class=\"service-one-description\">\n\t\t\t\t\t\t\t\t\t\t\t\t\t\t\t\t\t\t\t\t\t<\/div>\n\t\t\t\t\t\t\t\t\t\t<div class=\"service-one-details-button\">\n\t\t\t\t\t\t\t\t\t\t\t<a class=\"td-text-button\" href=\"https:\/\/demirlojistik.com.tr\/index.php\/service\/konteyner-tasimaciligi\/\" >\u0130ncele <i class=\"fas fa-angle-double-right\"><\/i><\/a>\n\t\t\t\t\t\t\t\t\t\t<\/div>\n\t\t\t\t\t\t\t\t\t<\/div>\n\t\t\t\t\t\t\t\t<\/div>\n\t\t\t\t\t\t\t<\/div>\n\t\t\t\t\t\t\n\t\t\t\t\t\t\t<div class=\"col-xl-4 col-lg-6 col-md-6\">\n\t\t\t\t\t\t\t\t<div class=\"td-service-one-item\">\n\t\t\t\t\t\t\t\t\t<a class=\"td-service-one-image td-cover-bg\" href=\"https:\/\/demirlojistik.com.tr\/index.php\/service\/proje-tasimaciligi\/\" style=\"background-image: url(https:\/\/demirlojistik.com.tr\/wp-content\/uploads\/2025\/05\/proje1.jpg)\" ><\/a>\n\n\t\t\t\t\t\t\t\t\t<div class=\"service-one-content\">\n\t\t\t\t\t\t\t\t\t\t<a href=\"https:\/\/demirlojistik.com.tr\/index.php\/service\/proje-tasimaciligi\/\"  class=\"service-one-title\">Proje Ta\u015f\u0131mac\u0131l\u0131\u011f\u0131<\/a>\n\t\t\t\t\t\t\t\t\t\t<div class=\"service-one-description\">\n\t\t\t\t\t\t\t\t\t\t\t\t\t\t\t\t\t\t\t\t\t<\/div>\n\t\t\t\t\t\t\t\t\t\t<div class=\"service-one-details-button\">\n\t\t\t\t\t\t\t\t\t\t\t<a class=\"td-text-button\" href=\"https:\/\/demirlojistik.com.tr\/index.php\/service\/proje-tasimaciligi\/\" >\u0130ncele <i class=\"fas fa-angle-double-right\"><\/i><\/a>\n\t\t\t\t\t\t\t\t\t\t<\/div>\n\t\t\t\t\t\t\t\t\t<\/div>\n\t\t\t\t\t\t\t\t<\/div>\n\t\t\t\t\t\t\t<\/div>\n\t\t\t\t\t\t\t\t\t\t<\/div>\n\t\t\t<\/div>\n\t\t<\/div>\n\t\t\t\t\t\t<\/div>\n\t\t\t\t<\/div>\n\t\t\t\t\t<\/div>\n\t\t<\/div>\n\t\t\t\t\t<\/div>\n\t\t<\/section>\n\t\t\t\t<section class=\"elementor-section elementor-top-section elementor-element elementor-element-32047de4 elementor-section-stretched elementor-section-boxed elementor-section-height-default elementor-section-height-default\" data-id=\"32047de4\" data-element_type=\"section\" data-settings=\"{&quot;stretch_section&quot;:&quot;section-stretched&quot;}\">\n\t\t\t\t\t\t<div class=\"elementor-container elementor-column-gap-default\">\n\t\t\t\t\t<div class=\"elementor-column elementor-col-33 elementor-top-column elementor-element elementor-element-152cea3e\" data-id=\"152cea3e\" data-element_type=\"column\">\n\t\t\t<div class=\"elementor-widget-wrap elementor-element-populated\">\n\t\t\t\t\t\t<div class=\"elementor-element elementor-element-32ce59a5 elementor-widget elementor-widget-themedraft_tiwcb\" data-id=\"32ce59a5\" data-element_type=\"widget\" data-widget_type=\"themedraft_tiwcb.default\">\n\t\t\t\t<div class=\"elementor-widget-container\">\n\t\t\t\t\t\n        <div class=\"td-tiwcb-wrapper\">\n\n\n\n            <div class=\"td-tiwcb-first-image td-cover-bg\" style=\"background-image: url(https:\/\/demirlojistik.com.tr\/wp-content\/uploads\/2025\/05\/WhatsApp-Gorsel-2025-04-07-saat-13.34.47_ec17e866-scaled.jpg)\"><\/div>\n\n            <div class=\"td-tiwcb-second-image td-cover-bg\" style=\"background-image: url(https:\/\/demirlojistik.com.tr\/wp-content\/uploads\/2025\/05\/WhatsApp-Gorsel-2025-04-07-saat-13.35.17_6376cbf6.jpg)\"><\/div>\n\n            <div class=\"td-tiwcb-third-image td-cover-bg\" style=\"background-image: url(https:\/\/demirlojistik.com.tr\/wp-content\/uploads\/2025\/05\/WhatsApp-Gorsel-2025-04-12-saat-09.39.15_70825cea.jpg)\">\n\t                                <a href=\"\" class=\"circle-button-wrapper td-secondary-font\" >\n                        <i class=\"flaticon-right-arrow-1\"><\/i>\n                        <svg viewBox=\"0 0 100 100\">\n                            <defs>\n                                <path id=\"td-circle-button\" d=\"M 50, 50 m -37, 0 a 37,37 0 1,1 74,0 a 37,37 0 1,1 -74,0\"\/>\n                            <\/defs>\n                            <text>\n                                <textPath xlink:href=\"#td-circle-button\">\n\t\t\t\t\t\t             Demir T\u0131r Lojistik Uluslararas\u0131 Nakliye - H\u0131zl\u0131 - G\u00fcvenli                                <\/textPath>\n                            <\/text>\n                        <\/svg>\n                    <\/a>\n\t                        <\/div>\n        <\/div>\n\n\t\t\t\t\t\t<\/div>\n\t\t\t\t<\/div>\n\t\t\t\t\t<\/div>\n\t\t<\/div>\n\t\t\t\t<div class=\"elementor-column elementor-col-66 elementor-top-column elementor-element elementor-element-3f6f3408\" data-id=\"3f6f3408\" data-element_type=\"column\">\n\t\t\t<div class=\"elementor-widget-wrap elementor-element-populated\">\n\t\t\t\t\t\t<div class=\"elementor-element elementor-element-7540d4e6 elementor-widget elementor-widget-themedraft_section_title\" data-id=\"7540d4e6\" data-element_type=\"widget\" data-widget_type=\"themedraft_section_title.default\">\n\t\t\t\t<div class=\"elementor-widget-container\">\n\t\t\t\t\t\n\t\t<div class=\"td-section-title-wrapper\">\n            <div class=\"td-section-title-content td-secondary-font\">\n                                    <div class=\"td-section-title-bg-text left\">\n                        Biz Kimiz                    <\/div>\n                \n                                    <div class=\"td-section-subtitle td-primary-color\">\n                        Demir T\u0131r Lojistik - Uluslararas\u0131 Nakliye                    <\/div>\n                \n                                    <div class=\"td-section-title\">\n                        <h2>Yeni Nesil Ta\u015f\u0131mac\u0131l\u0131k<\/h2>                    <\/div>\n                                        <div class=\"title-bottom-line\" style=\"background-image: url(https:\/\/demo.themedraft.net\/wp\/doctio\/wp-content\/uploads\/2022\/06\/line-1.png)\"><\/div>\n                                                <\/div>\n\t\t<\/div>\n\t\t\t\t\t\t<\/div>\n\t\t\t\t<\/div>\n\t\t\t\t<div class=\"elementor-element elementor-element-555c7af0 elementor-widget elementor-widget-themedraft_text\" data-id=\"555c7af0\" data-element_type=\"widget\" data-widget_type=\"themedraft_text.default\">\n\t\t\t\t<div class=\"elementor-widget-container\">\n\t\t\t\t\t\n\t\t<div class=\"td-text-wrapper\">\n\t\t\t<p>Demir T\u0131r Lojistik Uluslararas\u0131 Nakliye, toplam 32 adet \u00f6zmal t\u0131r , kiral\u0131k ara\u00e7 filosu, ekipmanlar\u0131 ve uzman kadrosuyla uzun y\u0131llard\u0131r yurti\u00e7i ve yurtd\u0131\u015f\u0131 karayolu ta\u015f\u0131mac\u0131l\u0131\u011f\u0131nda (tente, silobaz ve 20\u2019lik-40\u2019l\u0131k konteyner) hizmet vermektedir.<\/p><p>Demir T\u0131r Lojistik deneyimi ve g\u00fcvencesi di\u011fer hizmetlerde oldu\u011fu gibi, uluslararas\u0131 karayolu ta\u015f\u0131mac\u0131l\u0131\u011f\u0131nda da \u00f6n plandad\u0131r.<br \/>Firmam\u0131z T\u00fcrkiye\u2019den ihracat yada Avrupadan 3. \u00dclke olarak Kazakistan\u2019a , \u00d6zbekistan\u2019a yap\u0131lacak olan ta\u015f\u0131malar i\u00e7in en iyi hizmeti sa\u011flamaktad\u0131r.<\/p><p>Demir T\u0131r Lojistik; t\u00fcm d\u00fcnyada uluslararas\u0131 ta\u015f\u0131mac\u0131l\u0131kta uygun \u00e7\u00f6z\u00fcmler arayan t\u00fcm m\u00fc\u015fterilere sunulan avantajl\u0131 bir \u00e7\u00f6z\u00fcm\u00a0\u00f6nerisidir.<\/p>\n            \t\t<\/div>\n\n\t\t\t\t\t\t<\/div>\n\t\t\t\t<\/div>\n\t\t\t\t<div class=\"elementor-element elementor-element-4c369599 elementor-widget elementor-widget-themedraft_button_widget\" data-id=\"4c369599\" data-element_type=\"widget\" data-widget_type=\"themedraft_button_widget.default\">\n\t\t\t\t<div class=\"elementor-widget-container\">\n\t\t\t\t\t\n\t\t<div class=\"themedraft-button-wrapper td-button-el-widget\">\n\t\t\t<a href=\"https:\/\/demirlojistik.com.tr\/about-us\" class=\"themedraft-button td-button themedraft-button-one\" >Hakk\u0131m\u0131zda                <i class=\"fas fa-plus\"><\/i>\n            <\/a>\n\n\t\t\t\n                \n                <a class=\"td-call-button\" href=\"tel:0541%20403%208004\">\n                    <i class=\"flaticon-phone-call\"><\/i>\n                    <span class=\"td-call-button-text\">+90 541 403 8004<\/span>\n                <\/a>\n                \t\t\t\t\t<\/div>\n\t\t\t\t\t\t<\/div>\n\t\t\t\t<\/div>\n\t\t\t\t\t<\/div>\n\t\t<\/div>\n\t\t\t\t\t<\/div>\n\t\t<\/section>\n\t\t\t\t<section class=\"elementor-section elementor-top-section elementor-element elementor-element-d698f2d elementor-section-full_width elementor-section-stretched elementor-section-height-default elementor-section-height-default\" data-id=\"d698f2d\" data-element_type=\"section\" data-settings=\"{&quot;stretch_section&quot;:&quot;section-stretched&quot;}\">\n\t\t\t\t\t\t<div class=\"elementor-container elementor-column-gap-no\">\n\t\t\t\t\t<div class=\"elementor-column elementor-col-100 elementor-top-column elementor-element elementor-element-775189d7\" data-id=\"775189d7\" data-element_type=\"column\">\n\t\t\t<div class=\"elementor-widget-wrap elementor-element-populated\">\n\t\t\t\t\t\t<div class=\"elementor-element elementor-element-17dcd828 elementor-widget elementor-widget-themedraft_cta_one\" data-id=\"17dcd828\" data-element_type=\"widget\" data-widget_type=\"themedraft_cta_one.default\">\n\t\t\t\t<div class=\"elementor-widget-container\">\n\t\t\t\t\t\t\t<div class=\"td-cta-one-wrapper td-primary-bg td-secondary-font\">\n\t\t\t<div class=\"container\">\n\t\t\t\t<div class=\"row\">\n\t\t\t\t\t<div class=\"col-12\">\n\t\t\t\t\t\t<div class=\"cta-one-text text-center\">\n\t\t\t\t\t\t\t<p><strong>Hizmetlerimiz hakk\u0131nda bilgi almak i\u00e7in bizi hemen aray\u0131n\u00a0 0541 403 8004 \/ 0541 208\u00a01909<br \/><\/strong><\/p>\t\t\t\t\t\t<\/div>\n\t\t\t\t\t<\/div>\n\t\t\t\t<\/div>\n\t\t\t<\/div>\n\t\t<\/div>\n\t\t\t\t\t\t<\/div>\n\t\t\t\t<\/div>\n\t\t\t\t\t<\/div>\n\t\t<\/div>\n\t\t\t\t\t<\/div>\n\t\t<\/section>\n\t\t\t\t<\/div>\n\t\t","protected":false},"excerpt":{"rendered":"<p>Hizmetlerimiz Demir T\u0131r Lojistik Hizmetlerimiz Karayolu Ta\u015f\u0131mac\u0131l\u0131\u011f\u0131 \u0130ncele Konteyner Ta\u015f\u0131mac\u0131l\u0131\u011f\u0131 \u0130ncele Proje Ta\u015f\u0131mac\u0131l\u0131\u011f\u0131 \u0130ncele Demir T\u0131r Lojistik Uluslararas\u0131 Nakliye &#8211; H\u0131zl\u0131 &#8211; G\u00fcvenli Biz Kimiz Demir T\u0131r Lojistik &#8211; Uluslararas\u0131 Nakliye Yeni Nesil Ta\u015f\u0131mac\u0131l\u0131k Demir T\u0131r Lojistik Uluslararas\u0131 Nakliye, toplam 32 adet \u00f6zmal t\u0131r , kiral\u0131k ara\u00e7 filosu, ekipmanlar\u0131 ve uzman kadrosuyla uzun y\u0131llard\u0131r yurti\u00e7i [&hellip;]<\/p>\n","protected":false},"author":1,"featured_media":0,"parent":0,"menu_order":0,"comment_status":"closed","ping_status":"closed","template":"elementor_header_footer","meta":{"footnotes":""},"class_list":["post-602","page","type-page","status-publish","hentry"],"_links":{"self":[{"href":"https:\/\/demirlojistik.com.tr\/index.php\/wp-json\/wp\/v2\/pages\/602","targetHints":{"allow":["GET"]}}],"collection":[{"href":"https:\/\/demirlojistik.com.tr\/index.php\/wp-json\/wp\/v2\/pages"}],"about":[{"href":"https:\/\/demirlojistik.com.tr\/index.php\/wp-json\/wp\/v2\/types\/page"}],"author":[{"embeddable":true,"href":"https:\/\/demirlojistik.com.tr\/index.php\/wp-json\/wp\/v2\/users\/1"}],"replies":[{"embeddable":true,"href":"https:\/\/demirlojistik.com.tr\/index.php\/wp-json\/wp\/v2\/comments?post=602"}],"version-history":[{"count":31,"href":"https:\/\/demirlojistik.com.tr\/index.php\/wp-json\/wp\/v2\/pages\/602\/revisions"}],"predecessor-version":[{"id":1226,"href":"https:\/\/demirlojistik.com.tr\/index.php\/wp-json\/wp\/v2\/pages\/602\/revisions\/1226"}],"wp:attachment":[{"href":"https:\/\/demirlojistik.com.tr\/index.php\/wp-json\/wp\/v2\/media?parent=602"}],"curies":[{"name":"wp","href":"https:\/\/api.w.org\/{rel}","templated":true}]}}